{"id":54,"date":"2022-02-18T01:17:18","date_gmt":"2022-02-17T22:17:18","guid":{"rendered":"https:\/\/www.incibilisim.com\/?page_id=54"},"modified":"2022-02-18T01:18:03","modified_gmt":"2022-02-17T22:18:03","slug":"logo-go-3","status":"publish","type":"page","link":"https:\/\/www.incibilisim.com\/?page_id=54","title":{"rendered":"Logo GO-3"},"content":{"rendered":"\n<h2 class=\"wp-block-heading\" id=\"logo-go-3\">Logo GO-3<\/h2>\n\n\n\n<h4 class=\"wp-block-heading\" id=\"genel-baki\">Genel bak\u0131<\/h4>\n\n\n\n<h2 class=\"wp-block-heading\" id=\"kobi-lere-ozel-olarak-gelistirilen-logo-go-3-ile-stoktan-siparise-muhasebe-kayitlarindan-banka-verilerine-kadar-tum-is-surecleri-tek-noktadan-etkin-bir-sekilde-yonetiliyor\">KOB\u0130\u2019lere \u00f6zel olarak geli\u015ftirilen&nbsp;Logo&nbsp;GO 3 ile stoktan sipari\u015fe, muhasebe kay\u0131tlar\u0131ndan banka verilerine kadar t\u00fcm i\u015f s\u00fcre\u00e7leri tek noktadan etkin bir \u015fekilde y\u00f6netiliyor.<\/h2>\n\n\n\n<h3 class=\"wp-block-heading\" id=\"uctan-uca-yonetim\">U\u00e7tan uca y\u00f6netim<\/h3>\n\n\n\n<p>Logo GO 3; KOB\u0130\u2019lerin muhasebe, sipari\u015f, stok takibi, sat\u0131\u015f, sat\u0131n alma, raporlama, bor\u00e7 takibi, \u00e7ek senet takibi, e-Devlet uygulamalar\u0131 gibi t\u00fcm i\u015f s\u00fcre\u00e7lerini tek noktadan y\u00f6netebilmesini sa\u011fl\u0131yor. Ki\u015fiselle\u015ftirilebilir, h\u0131zl\u0131, sade ve pratik aray\u00fczle de desteklenen Logo GO 3 ile KOB\u0130\u2019ler zaman ve maliyet tasarrufu elde ederek rekabette bir ad\u0131m \u00f6ne ge\u00e7iyor.<\/p>\n\n\n\n<h3 class=\"wp-block-heading\" id=\"ihtiyaclara-ozel-cozum\">\u0130htiya\u00e7lara \u00f6zel \u00e7\u00f6z\u00fcm<\/h3>\n\n\n\n<p>KOB\u0130\u2019lerin genel ihtiya\u00e7lar\u0131na g\u00f6re tasarlanan Logo GO 3, ayr\u0131ca i\u015fletmelere \u00f6zel gereksinimler i\u00e7in de ek \u00f6zelliklerle zenginle\u015ftirilebiliyor. B\u00f6ylece t\u00fcm KOB\u0130\u2019ler, kendileri i\u00e7in en uygun Logo GO 3 paketini olu\u015fturabiliyor. &nbsp;<\/p>\n\n\n\n<h4 class=\"wp-block-heading\">&nbsp; &nbsp; &nbsp;&nbsp;<\/h4>\n\n\n\n<figure class=\"wp-block-embed is-type-video is-provider-youtube wp-block-embed-youtube wp-embed-aspect-16-9 wp-has-aspect-ratio\"><div class=\"wp-block-embed__wrapper\">\n<iframe loading=\"lazy\" title=\"Logo GO 3\" width=\"1170\" height=\"658\" src=\"https:\/\/www.youtube.com\/embed\/mb2CYO7JPV0?feature=oembed\" frameborder=\"0\" allow=\"accelerometer; autoplay; clipboard-write; encrypted-media; gyroscope; picture-in-picture\" allowfullscreen><\/iframe>\n<\/div><figcaption>Logo GO-3<\/figcaption><\/figure>\n\n\n\n<h4 class=\"wp-block-heading\" id=\"urun-kurulumu-fiyat-listesi-demo-talep-urun-brosuru\"><a href=\"ftp:\/\/download.logo.com.tr\/Windows\/KOBI\/GUNCEL\/3NEWUI_SETUP\/GO3_NewUI\/2.66.00.00\/\" target=\"_blank\" rel=\"noopener\">\u00dcr\u00fcn Kurulumu<\/a>&nbsp;&nbsp;<a rel=\"noreferrer noopener\" href=\"https:\/\/cdn-nq.logo.com.tr\/product\/documents\/d7d595ecb23bf9926daf06b63f0c576f1b6184a0.pdf\" target=\"_blank\">Fiyat Listesi<\/a>&nbsp;&nbsp;<a rel=\"noreferrer noopener\" href=\"https:\/\/demokey.logo.com.tr\/?product=8004\" target=\"_blank\">Demo Talep<\/a>&nbsp;&nbsp;<a rel=\"noreferrer noopener\" href=\"https:\/\/cdn-nq.logo.com.tr\/product\/documents\/9a850e7eae9e781b941dade33e1eeb59f5ba765d.pdf\" target=\"_blank\">\u00dcr\u00fcn Bro\u015f\u00fcr\u00fc<\/a>&nbsp; &nbsp;<\/h4>\n\n\n\n<p><\/p>\n\n\n\n<p><a href=\"https:\/\/incibilisim.com\/\" target=\"_blank\" rel=\"noopener\">\u0130nci Bili\u015fim Teknolojileri<\/a>&nbsp;|&nbsp;<a href=\"https:\/\/logo.com.tr\/\" target=\"_blank\" rel=\"noopener\">Logo \u0130\u015f Orta\u011f\u0131<\/a><\/p>\n","protected":false},"excerpt":{"rendered":"<p>Logo GO-3 Genel bak\u0131 KOB\u0130\u2019lere \u00f6zel olarak geli\u015ftirilen&nbsp;Logo&nbsp;GO 3 ile stoktan sipari\u015fe, muhasebe kay\u0131tlar\u0131ndan banka verilerine kadar t\u00fcm i\u015f s\u00fcre\u00e7leri tek noktadan etkin bir \u015fekilde y\u00f6netiliyor. U\u00e7tan uca y\u00f6netim Logo GO 3; KOB\u0130\u2019lerin muhasebe, sipari\u015f, stok takibi, sat\u0131\u015f, sat\u0131n alma, raporlama, bor\u00e7 takibi, \u00e7ek senet takibi, e-Devlet uygulamalar\u0131 gibi t\u00fcm i\u015f s\u00fcre\u00e7lerini tek noktadan y\u00f6netebilmesini [&hellip;]<\/p>\n","protected":false},"author":1,"featured_media":0,"parent":0,"menu_order":0,"comment_status":"closed","ping_status":"closed","template":"","meta":{"footnotes":""},"class_list":["post-54","page","type-page","status-publish","hentry"],"_links":{"self":[{"href":"https:\/\/www.incibilisim.com\/index.php?rest_route=\/wp\/v2\/pages\/54","targetHints":{"allow":["GET"]}}],"collection":[{"href":"https:\/\/www.incibilisim.com\/index.php?rest_route=\/wp\/v2\/pages"}],"about":[{"href":"https:\/\/www.incibilisim.com\/index.php?rest_route=\/wp\/v2\/types\/page"}],"author":[{"embeddable":true,"href":"https:\/\/www.incibilisim.com\/index.php?rest_route=\/wp\/v2\/users\/1"}],"replies":[{"embeddable":true,"href":"https:\/\/www.incibilisim.com\/index.php?rest_route=%2Fwp%2Fv2%2Fcomments&post=54"}],"version-history":[{"count":2,"href":"https:\/\/www.incibilisim.com\/index.php?rest_route=\/wp\/v2\/pages\/54\/revisions"}],"predecessor-version":[{"id":57,"href":"https:\/\/www.incibilisim.com\/index.php?rest_route=\/wp\/v2\/pages\/54\/revisions\/57"}],"wp:attachment":[{"href":"https:\/\/www.incibilisim.com\/index.php?rest_route=%2Fwp%2Fv2%2Fmedia&parent=54"}],"curies":[{"name":"wp","href":"https:\/\/api.w.org\/{rel}","templated":true}]}}