{"id":26,"date":"2022-02-17T01:59:40","date_gmt":"2022-02-16T22:59:40","guid":{"rendered":"https:\/\/www.incibilisim.com\/?page_id=26"},"modified":"2022-02-17T02:32:03","modified_gmt":"2022-02-16T23:32:03","slug":"iletisim","status":"publish","type":"page","link":"https:\/\/www.incibilisim.com\/?page_id=26","title":{"rendered":"\u0130leti\u015fim"},"content":{"rendered":"<p>[vc_row][vc_column][vc_cta h2=&#8221;Her Zaman Yan\u0131n\u0131zday\u0131z&#8221; h4=&#8221;Logo Yaz\u0131l\u0131m Konya&#8221; add_button=&#8221;bottom&#8221; btn_title=&#8221;Bize Ula\u015f\u0131n !!&#8221; btn_color=&#8221;green&#8221; btn_i_icon_fontawesome=&#8221;fas fa-envelope&#8221; add_icon=&#8221;bottom&#8221; i_icon_fontawesome=&#8221;fas fa-phone-volume&#8221; i_color=&#8221;green&#8221; btn_add_icon=&#8221;true&#8221; btn_link=&#8221;url:mailto%3Atahir%40incibilisim.com|||&#8221; i_link=&#8221;url:tel%3A%2B905324001904|title:Ara!||&#8221;]<\/p>\n<p class=\"_04xlpA direction-ltr align-justify para-style-body\"><span class=\"JsGRdQ\">Logo Yaz\u0131l\u0131m, konya bayiisi olarak siz de\u011ferli m\u00fc\u015fterilerimizin sat\u0131n alm\u0131\u015f oldu\u011fu \u00fcr\u00fcnlerin &#8220;kurulumunu&#8221; en h\u0131zl\u0131 \u015fekilde ger\u00e7ekle\u015ftiriyoruz.<\/span><\/p>\n<p class=\"_04xlpA direction-ltr align-justify para-style-body\"><span class=\"JsGRdQ\">&#8220;E\u011fitim&#8221;, kullanmakta oldu\u011funuz logo yaz\u0131l\u0131m \u00fcr\u00fcn\u00fcn\u00fc en efektif \u015fekilde kullan\u0131m\u0131n\u0131 sa\u011flayabilmeniz ad\u0131na, bireysel ve kurumsal olarak e\u011fitim paketlerimizle i\u015fletmenize de\u011fer kat\u0131yoruz.<\/span><\/p>\n<p class=\"_04xlpA direction-ltr align-justify para-style-body\"><span class=\"JsGRdQ\">&#8220;Destek&#8221;, hem yerinizde hem de uzaktan ba\u011flant\u0131 ile sahip oldu\u011funuz logo hizmetini, kesintisiz bir \u015fekilde kullanabilmeniz i\u00e7in her zaman yan\u0131n\u0131zday\u0131z.<\/span><\/p>\n<p class=\"_04xlpA direction-ltr align-justify para-style-body\" style=\"text-align: right;\"><span class=\"JsGRdQ\">\u0130nci Bili\u015fim Teknolojileri<\/span><\/p>\n<p>[\/vc_cta][vc_separator][vc_gmaps link=&#8221;#E-8_JTNDaWZyYW1lJTIwc3JjJTNEJTIyaHR0cHMlM0ElMkYlMkZ3d3cuZ29vZ2xlLmNvbSUyRm1hcHMlMkZlbWJlZCUzRnBiJTNEJTIxMW0xNCUyMTFtOCUyMTFtMyUyMTFkMTI1OTAuNDI2NzEyOTgzMDc3JTIxMmQzMi41MDM2MTI3JTIxM2QzNy45MTYyNTUyJTIxM20yJTIxMWkxMDI0JTIxMmk3NjglMjE0ZjEzLjElMjEzbTMlMjExbTIlMjExczB4MCUyNTNBMHhjZDE1NjhmMzcyMTNhMDE0JTIxMnNMT0dPJTI1MjBMS1MlMjUyMExLUzIlMjUyMEdPJTI1MjBHT1BMVVMlMjUyMEdPMyUyNTIwR09XSU5HUyUyNTIwU1RBUlQlMjUyMEFMSU5URVJJJTI1MjBCT1JEUk8lMjUyMEJPUkRST1BMVVMlMjUyMEtPTllBJTI1MjBCQVklMjVDNCUyNUIwJTIxNWUwJTIxM20yJTIxMXN0ciUyMTJzdHIlMjE0djE2NDUwNTMxODM4NDQlMjE1bTIlMjExc3RyJTIxMnN0ciUyMiUyMHdpZHRoJTNEJTIyNjAwJTIyJTIwaGVpZ2h0JTNEJTIyNDUwJTIyJTIwc3R5bGUlM0QlMjJib3JkZXIlM0EwJTNCJTIyJTIwYWxsb3dmdWxsc2NyZWVuJTNEJTIyJTIyJTIwbG9hZGluZyUzRCUyMmxhenklMjIlM0UlM0MlMkZpZnJhbWUlM0U=&#8221; css_animation=&#8221;bounceIn&#8221; title=&#8221;Neredeyiz ? &#8220;][\/vc_column][\/vc_row][vc_row][vc_column][vc_separator][\/vc_column][\/vc_row]<\/p>\n","protected":false},"excerpt":{"rendered":"<p>[vc_row][vc_column][vc_cta h2=&#8221;Her Zaman Yan\u0131n\u0131zday\u0131z&#8221; h4=&#8221;Logo Yaz\u0131l\u0131m Konya&#8221; add_button=&#8221;bottom&#8221; btn_title=&#8221;Bize Ula\u015f\u0131n !!&#8221; btn_color=&#8221;green&#8221; btn_i_icon_fontawesome=&#8221;fas fa-envelope&#8221; add_icon=&#8221;bottom&#8221; i_icon_fontawesome=&#8221;fas fa-phone-volume&#8221; i_color=&#8221;green&#8221; btn_add_icon=&#8221;true&#8221; btn_link=&#8221;url:mailto%3Atahir%40incibilisim.com|||&#8221; i_link=&#8221;url:tel%3A%2B905324001904|title:Ara!||&#8221;] Logo Yaz\u0131l\u0131m, konya bayiisi olarak siz de\u011ferli m\u00fc\u015fterilerimizin sat\u0131n alm\u0131\u015f oldu\u011fu \u00fcr\u00fcnlerin &#8220;kurulumunu&#8221; en h\u0131zl\u0131 \u015fekilde ger\u00e7ekle\u015ftiriyoruz. &#8220;E\u011fitim&#8221;, kullanmakta oldu\u011funuz logo yaz\u0131l\u0131m \u00fcr\u00fcn\u00fcn\u00fc en efektif \u015fekilde kullan\u0131m\u0131n\u0131 sa\u011flayabilmeniz ad\u0131na, bireysel ve kurumsal olarak e\u011fitim [&hellip;]<\/p>\n","protected":false},"author":1,"featured_media":0,"parent":0,"menu_order":0,"comment_status":"closed","ping_status":"closed","template":"","meta":{"footnotes":""},"class_list":["post-26","page","type-page","status-publish","hentry"],"_links":{"self":[{"href":"https:\/\/www.incibilisim.com\/index.php?rest_route=\/wp\/v2\/pages\/26","targetHints":{"allow":["GET"]}}],"collection":[{"href":"https:\/\/www.incibilisim.com\/index.php?rest_route=\/wp\/v2\/pages"}],"about":[{"href":"https:\/\/www.incibilisim.com\/index.php?rest_route=\/wp\/v2\/types\/page"}],"author":[{"embeddable":true,"href":"https:\/\/www.incibilisim.com\/index.php?rest_route=\/wp\/v2\/users\/1"}],"replies":[{"embeddable":true,"href":"https:\/\/www.incibilisim.com\/index.php?rest_route=%2Fwp%2Fv2%2Fcomments&post=26"}],"version-history":[{"count":8,"href":"https:\/\/www.incibilisim.com\/index.php?rest_route=\/wp\/v2\/pages\/26\/revisions"}],"predecessor-version":[{"id":38,"href":"https:\/\/www.incibilisim.com\/index.php?rest_route=\/wp\/v2\/pages\/26\/revisions\/38"}],"wp:attachment":[{"href":"https:\/\/www.incibilisim.com\/index.php?rest_route=%2Fwp%2Fv2%2Fmedia&parent=26"}],"curies":[{"name":"wp","href":"https:\/\/api.w.org\/{rel}","templated":true}]}}