{"id":20,"date":"2026-03-25T21:11:01","date_gmt":"2026-03-25T18:11:01","guid":{"rendered":"https:\/\/www.incibilisim.com\/?page_id=20"},"modified":"2026-03-25T02:39:03","modified_gmt":"2026-03-24T23:39:03","slug":"inci-bilisim-teknolojileri-logo-yazilim-konya","status":"publish","type":"page","link":"https:\/\/www.incibilisim.com\/?page_id=20","title":{"rendered":"Konya Logo Yaz\u0131l\u0131m i\u015f orta\u011f\u0131 | \u0130nci Bili\u015fim Teknolojileri"},"content":{"rendered":"<p>[vc_row][vc_column][vc_column_text] <a href=\"https:\/\/www.logo.com.tr\/logo-is-ortaklari?country=all&amp;city=43&amp;district=all&amp;order=alphabetical&amp;search=&amp;subject=23&amp;programs=18%7C17\" target=\"_blank\" rel=\"noopener\">\u0130nci Bili\u015fim Teknolojileri<\/a> olarak 2006\u2019da \u00e7\u0131kt\u0131\u011f\u0131m\u0131z bu yolda 17 senedir kesintisiz s\u00fcren samimi ve g\u00fcvenilir hizmet anlay\u0131\u015f\u0131m\u0131z ile Logo \u00dcr\u00fcnlerinde Sat\u0131\u015f-Sat\u0131\u015f sonras\u0131 destek hizmetleri, Yaz\u0131l\u0131m, Dan\u0131\u015fmanl\u0131k hizmetleri alan\u0131nda Konya ve \u00e7evresinde destek vermekteyiz.<\/p>\r\n<p>[\/vc_column_text][vc_separator][\/vc_column][\/vc_row][vc_row][vc_column][\/vc_column][\/vc_row]<\/p>\r\n<h1>E-Ticaret Ma\u011fazam\u0131z yoktur.<\/h1>\r\n<section data-id=\"6a71f89e\" data-element_type=\"section\">\r\n<blockquote>\r\n<p><img loading=\"lazy\" decoding=\"async\" src=\"http:\/\/incibilisim.com.tr\/wp-content\/uploads\/2020\/09\/start3_22-300x110-1.png\" alt=\"\" width=\"300\" height=\"110\" \/><\/p>\r\n<p><em>\u00d6n muhasebe program\u0131 Logo Start 3 ile t\u00fcm mikro i\u015fletmeler stok, maliyet, kasa, fatura, sipari\u015f, \u00f6deme ve tahsilat takibi, banka ve m\u00fc\u015fteri bilgilerinin y\u00f6netimi i\u015flemlerini tek noktadan yapabiliyor.\u00a0<a href=\"http:\/\/www.incibilisim.com\/urunler\/logo-start3\/\" target=\"_blank\" rel=\"noreferrer noopener\">Detayl\u0131 Bilgi..<\/a><\/em><\/p>\r\n<p><cite>Logo Yaz\u0131l\u0131m Konya<\/cite><\/p>\r\n<\/blockquote>\r\n<p>&nbsp;<\/p>\r\n<p>&nbsp;<\/p>\r\n<blockquote>\r\n<p><img loading=\"lazy\" decoding=\"async\" src=\"http:\/\/incibilisim.com.tr\/wp-content\/uploads\/2020\/09\/logo_go3_4-1-e1588603998423.png\" alt=\"\" width=\"140\" height=\"47\" \/><\/p>\r\n<p>Muhasebe, sipari\u015f, stok takibi, sat\u0131\u015f, sat\u0131n alma, raporlama, bor\u00e7 takibi, \u00e7ek-senet takibi, e-Devlet uygulamalar\u0131 gibi t\u00fcm i\u015f s\u00fcre\u00e7lerini tek noktadan y\u00f6netebilmesini sa\u011fl\u0131yor.<\/p>\r\n<p>Ki\u015fiselle\u015ftirilebilir, h\u0131zl\u0131, sade ve pratik aray\u00fczle desteklendi. er i\u015fletmenin kendine \u00f6zg\u00fc ihtiya\u00e7lar\u0131 olabilir. Logo GO 3, Logo \u0130\u015f Ortaklar\u0131n\u0131n geli\u015ftirdi\u011fi uygulamalar (app) ve widget\u2019larla zenginle\u015ftirilebiliyor.<\/p>\r\n<p>B\u00f6ylece tam da ihtiya\u00e7 duyulan \u00f6zelliklere sahip bir fonksiyon k\u00fcmesi olu\u015fturulabiliyor.Logo GO 3 sayesinde zaman ve maliyet tasarrufu elde ederek rekabette bir ad\u0131m \u00f6ne ge\u00e7in.\u00a0<a href=\"http:\/\/www.incibilisim.com\/urunler\/logo-go3\/\" target=\"_blank\" rel=\"noreferrer noopener\">Detayl\u0131 Bilgi..<\/a><\/p>\r\n<p><cite>\u0130nci Bili\u015fim Teknolojileri<\/cite><\/p>\r\n<\/blockquote>\r\n<p>&nbsp;<\/p>\r\n<p>&nbsp;<\/p>\r\n<blockquote>\r\n<p><img loading=\"lazy\" decoding=\"async\" src=\"http:\/\/incibilisim.com.tr\/wp-content\/uploads\/2020\/09\/go-wings-e1588603574311.png\" alt=\"\" width=\"140\" height=\"36\" \/><\/p>\r\n<p>Logo Yaz\u0131l\u0131m\u2019\u0131n Logo 3 platformunda geli\u015ftirdi\u011fi Tiger Wings kullan\u0131c\u0131lar\u0131n i\u015f yerlerinde bilgisayarlara ba\u011fl\u0131 kalmadan, diledikleri zaman ve diledikleri yerde internet taray\u0131c\u0131s\u0131 \u00fczerinden ERP y\u00f6netimine imkan sa\u011fl\u0131yor.<\/p>\r\n<p>Karma\u015f\u0131k \u00fcretim s\u00fcre\u00e7lerini kontrol alt\u0131na almak, de\u011fi\u015fken m\u00fc\u015fteri sipari\u015flerinin terimlerine uyum, tedariklerin eksiksiz yap\u0131lmas\u0131, ihtiya\u00e7lara g\u00f6re stoklar\u0131n y\u00f6netilmesi, \u00fcretim yapan i\u015fletmelerin en \u00e7ok ihtiya\u00e7 duydu\u011fu ve kurgulanmas\u0131 gereken senaryolard\u0131r.<\/p>\r\n<p>\u00dcretim s\u00fcre\u00e7lerini, \u00a0tahminleme, ana \u00fcretim planlama, kapasite planlama, malzeme gereksinim planlama, \u00fcretim ak\u0131\u015f kontrol, kalite kontrol ve makine bak\u0131m gibi fonksiyonlarla ba\u015ftan sona optimize edilebilirsiniz.\u00a0<a href=\"http:\/\/www.incibilisim.com\/urunler\/logo-wings\/\" target=\"_blank\" rel=\"noreferrer noopener\">Detayl\u0131 Bilgi<\/a><\/p>\r\n<p><cite>incibilisim.com<\/cite><\/p>\r\n<\/blockquote>\r\n<p>&nbsp;<\/p>\r\n<p>&nbsp;<\/p>\r\n<p>&nbsp;<\/p>\r\n<p>&nbsp;<\/p>\r\n<\/section>\r\n<section data-id=\"2436fee\" data-element_type=\"section\"><img loading=\"lazy\" decoding=\"async\" src=\"https:\/\/www.incibilisim.com.tr\/wp-content\/uploads\/2020\/11\/Gamze-Ozalp-Logo-Product-Owner-1024x576.png\" sizes=\"auto, (max-width: 923px) 100vw, 923px\" srcset=\"https:\/\/www.incibilisim.com.tr\/wp-content\/uploads\/2020\/11\/Gamze-Ozalp-Logo-Product-Owner-1024x576.png 1024w, https:\/\/www.incibilisim.com.tr\/wp-content\/uploads\/2020\/11\/Gamze-Ozalp-Logo-Product-Owner-300x169.png 300w, https:\/\/www.incibilisim.com.tr\/wp-content\/uploads\/2020\/11\/Gamze-Ozalp-Logo-Product-Owner-768x432.png 768w, https:\/\/www.incibilisim.com.tr\/wp-content\/uploads\/2020\/11\/Gamze-Ozalp-Logo-Product-Owner-1536x864.png 1536w, https:\/\/www.incibilisim.com.tr\/wp-content\/uploads\/2020\/11\/Gamze-Ozalp-Logo-Product-Owner-1140x641.png 1140w, https:\/\/www.incibilisim.com.tr\/wp-content\/uploads\/2020\/11\/Gamze-Ozalp-Logo-Product-Owner-720x405.png 720w, https:\/\/www.incibilisim.com.tr\/wp-content\/uploads\/2020\/11\/Gamze-Ozalp-Logo-Product-Owner.png 1920w\" alt=\"Logo Konya Go3 Lks Wings\" width=\"923\" height=\"519\" \/>\r\n<p><strong>\u00a0 \u00a0 \u00a0 \u00a0 \u00a0 \u00a0 \u00a0 \u00a0 \u00a0\u00a0<img decoding=\"async\" src=\"https:\/\/ci4.googleusercontent.com\/proxy\/u37RZA7PvDpgIxlFz6-lAeh3OgoAh5HBxvJw-0xMqH7mGhZuSbwJShh4q21CEwyfBWQue5ef01iu_YOHlbdr4UtnLMzVYzldVmeHzg=s0-d-e1-ft#http:\/\/stock.setrow.com\/pimage\/1860\/images\/1\/computer.png\" \/>\u00a0\u00a0<\/strong><\/p>\r\n<p><strong><em>S\u00fcr\u00fcm i\u00e7eri\u011fi i\u00e7in l\u00fctfen\u00a0<a href=\"https:\/\/docs.logo.com.tr\/pages\/viewpage.action?pageId=50683585\" target=\"_blank\" rel=\"noopener\">t\u0131klay\u0131n\u0131z..<\/a><\/em><\/strong><\/p>\r\n<p>&nbsp;<\/p>\r\n<p><strong>\u00a0 \u00a0 \u00a0 \u00a0 \u00a0 \u00a0 \u00a0 \u00a0 \u00a0 \u00a0<img decoding=\"async\" src=\"https:\/\/ci6.googleusercontent.com\/proxy\/fpRd2_eLPmR6Iii_m6Ww81Fx1e9A758yRb56OoMLRzZJNZQEUm6MeSKTVzC1vp5vBMZRT3jsBoytF1soz0CNj4HgpBHpcm3w7Q=s0-d-e1-ft#http:\/\/stock.setrow.com\/pimage\/1860\/images\/1\/mouse.png\" \/><\/strong><\/p>\r\n<p><strong>T\u00fcm s\u00fcr\u00fcmler i\u00e7in\u00a0<a href=\"https:\/\/docs.logo.com.tr\/public\/fd\" target=\"_blank\" rel=\"noopener\">t\u0131klay\u0131n\u0131z..<\/a><\/strong><\/p>\r\n<\/section>","protected":false},"excerpt":{"rendered":"<p>[vc_row][vc_column][vc_column_text] \u0130nci Bili\u015fim Teknolojileri olarak 2006\u2019da \u00e7\u0131kt\u0131\u011f\u0131m\u0131z bu yolda 17 senedir kesintisiz s\u00fcren samimi ve g\u00fcvenilir hizmet anlay\u0131\u015f\u0131m\u0131z ile Logo \u00dcr\u00fcnlerinde Sat\u0131\u015f-Sat\u0131\u015f sonras\u0131 destek hizmetleri, Yaz\u0131l\u0131m, Dan\u0131\u015fmanl\u0131k hizmetleri alan\u0131nda Konya ve \u00e7evresinde destek vermekteyiz. [\/vc_column_text][vc_separator][\/vc_column][\/vc_row][vc_row][vc_column][\/vc_column][\/vc_row] E-Ticaret Ma\u011fazam\u0131z yoktur. \u00d6n muhasebe program\u0131 Logo Start 3 ile t\u00fcm mikro i\u015fletmeler stok, maliyet, kasa, fatura, sipari\u015f, \u00f6deme ve [&hellip;]<\/p>\n","protected":false},"author":1,"featured_media":0,"parent":0,"menu_order":0,"comment_status":"closed","ping_status":"closed","template":"","meta":{"footnotes":""},"class_list":["post-20","page","type-page","status-publish","hentry"],"_links":{"self":[{"href":"https:\/\/www.incibilisim.com\/index.php?rest_route=\/wp\/v2\/pages\/20","targetHints":{"allow":["GET"]}}],"collection":[{"href":"https:\/\/www.incibilisim.com\/index.php?rest_route=\/wp\/v2\/pages"}],"about":[{"href":"https:\/\/www.incibilisim.com\/index.php?rest_route=\/wp\/v2\/types\/page"}],"author":[{"embeddable":true,"href":"https:\/\/www.incibilisim.com\/index.php?rest_route=\/wp\/v2\/users\/1"}],"replies":[{"embeddable":true,"href":"https:\/\/www.incibilisim.com\/index.php?rest_route=%2Fwp%2Fv2%2Fcomments&post=20"}],"version-history":[{"count":20,"href":"https:\/\/www.incibilisim.com\/index.php?rest_route=\/wp\/v2\/pages\/20\/revisions"}],"predecessor-version":[{"id":279,"href":"https:\/\/www.incibilisim.com\/index.php?rest_route=\/wp\/v2\/pages\/20\/revisions\/279"}],"wp:attachment":[{"href":"https:\/\/www.incibilisim.com\/index.php?rest_route=%2Fwp%2Fv2%2Fmedia&parent=20"}],"curies":[{"name":"wp","href":"https:\/\/api.w.org\/{rel}","templated":true}]}}