{"id":118,"date":"2022-02-19T17:29:50","date_gmt":"2022-02-19T14:29:50","guid":{"rendered":"https:\/\/www.incibilisim.com\/?page_id=118"},"modified":"2025-06-16T16:14:08","modified_gmt":"2025-06-16T13:14:08","slug":"logo-yazilim-versiyonlari","status":"publish","type":"page","link":"https:\/\/www.incibilisim.com\/?page_id=118","title":{"rendered":"Logo Yaz\u0131l\u0131m Versiyonlar\u0131"},"content":{"rendered":"<\/p>\n\n\n<\/p>\n<h1 class=\"wp-block-heading\" id=\"logo-versiyonlar\">Logo Versiyonlar<\/h1>\n<p>\n\n\n\n<\/p>\n<p>\n\n\n<h4><a href=\"https:\/\/download.logo.com.tr\/#\/Windows\/KOBI\/GOWINGS\/3.01.00.00\/\" target=\"_blank\" rel=\"noopener\">GoWings 3.01\u00a0<\/a> \u00a0 \u00a0 \u00a0 \u00a0 \u00a0 \u00a0 \u00a0 \u00a0 \u00a0 \u00a0 \u00a0 \u00a0 \u00a0 \u00a0 \u00a0 \u00a0 \u00a0 \u00a0 \u00a0 \u00a0 \u00a0 \u00a0 \u00a0<\/h4>\n<h4><a href=\"https:\/\/download.logo.com.tr\/#\/Windows\/KOBI\/GO3\/3.01.00.00\/\" target=\"_blank\" rel=\"noopener\">Go3 3.01<\/a>\u00a0 \u00a0 \u00a0 \u00a0 \u00a0 \u00a0 \u00a0 \u00a0 \u00a0 \u00a0 \u00a0 \u00a0 \u00a0 \u00a0 \u00a0 \u00a0 \u00a0 \u00a0 \u00a0 \u00a0 \u00a0 \u00a0 \u00a0 \u00a0 \u00a0 \u00a0 \u00a0 \u00a0 \u00a0 \u00a0<\/h4>\n<h4><a href=\"https:\/\/download.logo.com.tr\/#\/Windows\/KOBI\/START3\/3.01.00.00\/\" target=\"_blank\" rel=\"noopener\">Start3 3.01<\/a>\u00a0 \u00a0 \u00a0 \u00a0 \u00a0 \u00a0 \u00a0 \u00a0 \u00a0 \u00a0 \u00a0 \u00a0 \u00a0 \u00a0 \u00a0 \u00a0 \u00a0 \u00a0 \u00a0 \u00a0 \u00a0 \u00a0 \u00a0 \u00a0 \u00a0 \u00a0 \u00a0 \u00a0<\/h4>\n<h4><a href=\"https:\/\/download.logo.com.tr\/#\/Windows\/ERP\/GUNCEL\/3NEWUI_SETUP\/TIGER3\/3.01.00.00\/\" target=\"_blank\" rel=\"noopener\">Tiger3 3.01<\/a>\u00a0 \u00a0 \u00a0 \u00a0 \u00a0 \u00a0 \u00a0 \u00a0 \u00a0 \u00a0 \u00a0 \u00a0 \u00a0 \u00a0 \u00a0 \u00a0 \u00a0 \u00a0 \u00a0 \u00a0 \u00a0 \u00a0 \u00a0 \u00a0 \u00a0 \u00a0 \u00a0 \u00a0<\/h4>\n<h4><a href=\"https:\/\/download.logo.com.tr\/#\/Windows\/HR\/GUNCEL\/3NEWUI_BORDRO_PLUS\/5.01.00.00\/\" target=\"_blank\" rel=\"noopener\">Bordo Plus 5.01<\/a> \u00a0\u00a0 \u00a0\u00a0 \u00a0\u00a0 \u00a0\u00a0 \u00a0\u00a0 \u00a0\u00a0 \u00a0\u00a0 \u00a0\u00a0 \u00a0\u00a0 \u00a0\u00a0 \u00a0\u00a0 \u00a0\u00a0 \u00a0\u00a0 \u00a0\u00a0 \u00a0\u00a0\u00a0<\/h4>","protected":false},"excerpt":{"rendered":"<p>Logo Versiyonlar GoWings 3.01\u00a0 \u00a0 \u00a0 \u00a0 \u00a0 \u00a0 \u00a0 \u00a0 \u00a0 \u00a0 \u00a0 \u00a0 \u00a0 \u00a0 \u00a0 \u00a0 \u00a0 \u00a0 \u00a0 \u00a0 \u00a0 \u00a0 \u00a0 \u00a0 Go3 3.01\u00a0 \u00a0 \u00a0 \u00a0 \u00a0 \u00a0 \u00a0 \u00a0 \u00a0 \u00a0 \u00a0 \u00a0 \u00a0 \u00a0 \u00a0 \u00a0 \u00a0 \u00a0 \u00a0 \u00a0 \u00a0 \u00a0 \u00a0 \u00a0 \u00a0 \u00a0 \u00a0 [&hellip;]<\/p>\n","protected":false},"author":1,"featured_media":0,"parent":0,"menu_order":0,"comment_status":"closed","ping_status":"closed","template":"","meta":{"footnotes":""},"class_list":["post-118","page","type-page","status-publish","hentry"],"_links":{"self":[{"href":"https:\/\/www.incibilisim.com\/index.php?rest_route=\/wp\/v2\/pages\/118","targetHints":{"allow":["GET"]}}],"collection":[{"href":"https:\/\/www.incibilisim.com\/index.php?rest_route=\/wp\/v2\/pages"}],"about":[{"href":"https:\/\/www.incibilisim.com\/index.php?rest_route=\/wp\/v2\/types\/page"}],"author":[{"embeddable":true,"href":"https:\/\/www.incibilisim.com\/index.php?rest_route=\/wp\/v2\/users\/1"}],"replies":[{"embeddable":true,"href":"https:\/\/www.incibilisim.com\/index.php?rest_route=%2Fwp%2Fv2%2Fcomments&post=118"}],"version-history":[{"count":41,"href":"https:\/\/www.incibilisim.com\/index.php?rest_route=\/wp\/v2\/pages\/118\/revisions"}],"predecessor-version":[{"id":254,"href":"https:\/\/www.incibilisim.com\/index.php?rest_route=\/wp\/v2\/pages\/118\/revisions\/254"}],"wp:attachment":[{"href":"https:\/\/www.incibilisim.com\/index.php?rest_route=%2Fwp%2Fv2%2Fmedia&parent=118"}],"curies":[{"name":"wp","href":"https:\/\/api.w.org\/{rel}","templated":true}]}}